{"id":57,"date":"2017-10-26T12:42:02","date_gmt":"2017-10-26T10:42:02","guid":{"rendered":"http:\/\/ickocheb.4fan.cz\/?page_id=57"},"modified":"2018-02-21T09:37:19","modified_gmt":"2018-02-21T08:37:19","slug":"informace","status":"publish","type":"page","link":"https:\/\/generacekk.cz\/archiv-icm\/informace\/","title":{"rendered":"Informace z regionu"},"content":{"rendered":"<p>Po kliknut\u00ed na ur\u010dit\u00e9 t\u00e9ma v rozbalovac\u00edm menu sekce &#8222;INFORMACE Z REGIONU&#8220;\u00a0 se dostanete k dal\u0161\u00edm informac\u00edm.<\/p>\n","protected":false},"excerpt":{"rendered":"<p>Po kliknut\u00ed na ur\u010dit\u00e9 t\u00e9ma v rozbalovac\u00edm menu sekce &#8222;INFORMACE Z REGIONU&#8220;\u00a0 se dostanete k dal\u0161\u00edm informac\u00edm.<\/p>\n","protected":false},"author":1,"featured_media":0,"parent":0,"menu_order":0,"comment_status":"closed","ping_status":"closed","template":"","meta":[],"_links":{"self":[{"href":"https:\/\/generacekk.cz\/archiv-icm\/wp-json\/wp\/v2\/pages\/57"}],"collection":[{"href":"https:\/\/generacekk.cz\/archiv-icm\/wp-json\/wp\/v2\/pages"}],"about":[{"href":"https:\/\/generacekk.cz\/archiv-icm\/wp-json\/wp\/v2\/types\/page"}],"author":[{"embeddable":true,"href":"https:\/\/generacekk.cz\/archiv-icm\/wp-json\/wp\/v2\/users\/1"}],"replies":[{"embeddable":true,"href":"https:\/\/generacekk.cz\/archiv-icm\/wp-json\/wp\/v2\/comments?post=57"}],"version-history":[{"count":3,"href":"https:\/\/generacekk.cz\/archiv-icm\/wp-json\/wp\/v2\/pages\/57\/revisions"}],"predecessor-version":[{"id":1117,"href":"https:\/\/generacekk.cz\/archiv-icm\/wp-json\/wp\/v2\/pages\/57\/revisions\/1117"}],"wp:attachment":[{"href":"https:\/\/generacekk.cz\/archiv-icm\/wp-json\/wp\/v2\/media?parent=57"}],"curies":[{"name":"wp","href":"https:\/\/api.w.org\/{rel}","templated":true}]}}